{"id":1059,"date":"2018-02-19T11:44:29","date_gmt":"2018-02-19T11:44:29","guid":{"rendered":"https:\/\/testing-20twentybusinessgrowth.spindogs-dev7.co.uk\/20twenty-business-growth-programme-overview\/"},"modified":"2024-03-01T15:41:18","modified_gmt":"2024-03-01T15:41:18","slug":"20twenty-business-growth-programme-overview","status":"publish","type":"page","link":"https:\/\/20twentybusinessgrowth.com\/cy\/20twenty-business-growth-programme-overview\/","title":{"rendered":"Cyrsiau Twf Busnes ac Arweinyddiaeth"},"content":{"rendered":"<p>Mae&#8217;r cwrs twf ac arweinyddiaeth busnes 20Twenty wedi ennill ei blwyf wrth gyflawni sgiliau arweinyddiaeth a rheolaeth o ansawdd uchel gyda ffocws ar ddatblygiad strategol, ysgogi arloesedd a sicrhau twf busnes proffidiol a chynaliadwy. Caiff ei ddarparu gan Brifysgol Metropolitan Caerdydd mewn partneriaeth \u00e2 Phrifysgol Bangor gyda chymhorthdal gan Gronfa Gymdeithasol Ewrop drwy Lywodraeth Cymru. Dechreuodd dros 1000 o gyfranogwyr ar y rhaglen hon ac mae 10% o&#8217;r 300 o\u2019r busnesau gorau yng Nghymru eisoes wedi bod ar y rhaglen.<\/p>\n<div class=\"accordion\">\n\t<div id=\"accordion-3138341356\" class=\"accordion-item\">\n\t\t<a id=\"accordion-3138341356-label\" class=\"accordion-title plain\" href=\"#accordion-item-cyrsiau-arweinyddiaeth-20twenty\" aria-expanded=\"false\" aria-controls=\"accordion-3138341356-content\" >\n\t\t\t<button class=\"toggle\" aria-label=\"Toggle\"><i class=\"icon-angle-down\"><\/i><\/button>\n\t\t\t<span>Cyrsiau arweinyddiaeth 20Twenty<\/span>\n\t\t<\/a>\n\t\t<div id=\"accordion-3138341356-content\" class=\"accordion-inner\" aria-labelledby=\"accordion-3138341356-label\" >\n\t\t\t\n<strong>Mae gan y Rhaglen Twf Busnes 20Twenty 2 brif lwybr y gallwch ddewis ohonynt:<\/strong><\/p>\n<h4 style=\"color: #1564af;\">1) Rhaglen Lawn \u2013 <strong>Tystysgrif \u00d4l-raddedig (PgC) mewn Arweinyddiaeth <\/strong> <strong>thystysgrif Lefel 7 gan CMI (Sefydliad Rheolaeth Siartredig)<\/strong><\/h4>\n<h5 style=\"color: #1564af;\">I bwy:<\/h5>\n<h5>Rheolwyr, Rheolwyr Canol a Pherchnogion Busnes<\/h5>\n<h5 style=\"color: #1564af;\">Hyd:<\/h5>\n<h5>10 Diwrnod dros 10 mis<\/h5>\n<h5 style=\"color: #1564af;\">Asesiad:<\/h5>\n<h5>1 aseiniad ac 1 prosiect<\/h5>\n<p>Ein rhaglen unigryw yw&#8217;r unig un yn y DU sy&#8217;n cynnig gwobr ddeuol (h.y. cymhwyster Lefel 7 mewn Arweinyddiaeth o&#8217;r CMI ynghyd \u00e2 Thystysgrif i Raddedigion o Brifysgol Met Caerdydd). Mae&#8217;r dystysgrif \u00f4l-raddedig yn cyfateb i draean o MBA Gweithredol ym Mhrifysgol Met Caerdydd. Mae&#8217;r rhan fwyaf o&#8217;r cynrychiolwyr yn mynd ymlaen wedyn i ennill statws Rheolwr Siartredig ac i ddefnyddio&#8217;r dynodiad &#8216;CMgr&#8217; ar \u00f4l eu henw. Mae Rheolwr Siartredig yn rhoi cydnabyddiaeth ffurfiol o gymhwysedd a phroffesiynoldeb ar lefel weithredol a strategol.<\/p>\n<blockquote><p>Un o&#8217;n prif fanteision sydd wedi dod yn gysylltiedig \u00e2&#8217;r rhaglen yw&#8217;r cyfle i ennill Tystysgrif \u00d4l-raddedig mewn Arweinyddiaeth yn ogystal \u00e2 thystysgrif lefel 7 gan y Sefydliad Rheolaeth Siartredig (CMI).<\/p><\/blockquote>\n<h4 style=\"color: #1564af;\">2) Rhaglen &#8216;Llwybr Carlam&#8217; \u2013 Lefel 4 mewn Arweinyddiaeth o&#8217;r CMI (Sefydliad Rheolaeth Siartredig)<\/h4>\n<h5 style=\"color: #1564af;\"><strong>I bwy:<\/strong><\/h5>\n<h5><strong>Rheolwyr a Darpar Arweinwyr T\u00eem<\/strong><\/h5>\n<h5 style=\"color: #1564af;\">Hyd:<\/h5>\n<h5>5 Diwrnod dros 4 mis<\/h5>\n<h5 style=\"color: #1564af;\">Asesiad:<\/h5>\n<h5>1 aseiniad<\/h5>\n<p>Rydym wedi datblygu rhaglen unigryw, gyffrous a diddorol newydd ar gyfer rheolwyr ac arweinwyr t\u00eem sy&#8217;n cynnig dyfarniad lefel 4 gan CMI.<\/p>\n<blockquote><p>Mae&#8217;r cwrs carlam yn eich galluogi i fod y rheolwr yr ydych yn dymuno ei fod mewn 4 mis yn unig ac ennill cymhwyster sy&#8217;n cael ei gydnabod yn genedlaethol gyda CMI (Sefydliad Rheolaeth Siartredig).<\/p><\/blockquote>\n\t\t<\/div>\n\t<\/div>\n\t\t<div id=\"accordion-705994575\" class=\"accordion-item\">\n\t\t<a id=\"accordion-705994575-label\" class=\"accordion-title plain\" href=\"#accordion-item-helpu-i-dyfu-cwrs-rheoli-\" aria-expanded=\"false\" aria-controls=\"accordion-705994575-content\" >\n\t\t\t<button class=\"toggle\" aria-label=\"Toggle\"><i class=\"icon-angle-down\"><\/i><\/button>\n\t\t\t<span>Helpu i dyfu cwrs rheoli <\/span>\n\t\t<\/a>\n\t\t<div id=\"accordion-705994575-content\" class=\"accordion-inner\" aria-labelledby=\"accordion-705994575-label\" >\n\t\t\t\n<p>Wedi\u2019i gynllunio\u2019n arbennig ar gyfer uwch arweinwyr, mae\u2019r cwrs yn ymdrin \u00e2 strategaethau ar gyfer twf ac arloesi, arwain timau perfformiad uchel ac arferion busnes cyfrifol. Byddwch yn clywed gan arweinwyr busnes ysbrydoledig ac yn dysgu ochr yn ochr \u00e2 chyfoedion lleol, gyda mynediad i rwydwaith cyn-fyfyrwyr cenedlaethol.<\/p>\n<p>Mae\u2019r sesiynau\u2019n hyblyg, wedi\u2019u recordio ac ar-lein yn bennaf felly gallent gyd-fynd yn hawdd \u00e2\u2019ch ymrwymiadau gwaith a bywyd.<\/p>\n<p><strong>Hyd:<\/strong><\/p>\n<p>Tua. 50 awr dros 12 wythnos<\/p>\n<p>Mae\u2019r rhaglen 12 wythnos yn cael ei <strong>hariannu 90% gan Lywodraeth y DU<\/strong>.<\/p>\n<div class=\"row\"  id=\"row-2053030753\">\n\t<div id=\"col-1157908428\" class=\"col medium-1\/3 large-4\"  >\n\t\t\t\t<div class=\"col-inner\"  >\n\t\t\t\n\t\t\t\n<a href=\"https:\/\/20twentybusinessgrowth.com\/cy\/help-to-grow-management\/\" class=\"button alert is-alert is-large\"  >\n\t\t<span>I ddarganfod mwy <\/span>\n\t<\/a>\n\n\t\t<\/div>\n\t\t\t\t\t<\/div>\n\n\t<\/div>\n\t\t<\/div>\n\t<\/div>\n\t\n<p>&nbsp;<\/p>\n<\/div>\n<div class=\"row\"  id=\"row-1933447124\">\n\n\t<div id=\"col-2003454507\" class=\"col medium-1\/2 large-6\"  >\n\t\t\t\t<div class=\"col-inner\"  >\n\t\t\t\n\t\t\t\n<a href=\"https:\/\/20twentybusinessgrowth.com\/cy\/expression-of-interest-am-i-eligible-for-the-course\/\" class=\"button alert is-alert is-large\"  >\n\t\t<span>GWNEWCH GAIS NAWR <\/span>\n\t<\/a>\n\t\t<\/div>\n\t\t\t\t\t<\/div>\n\n\t\n\n\t<div id=\"col-2108655483\" class=\"col medium-1\/2 large-6\"  >\n\t\t\t\t<div class=\"col-inner\"  >\n\t\t\t\n\t\t\t\n<a href=\"\/cy\/20twenty-business-growth-programme-overview\/\" class=\"button alert is-alert2 is-large\"  >\n\t\t<span>AM Y CWRS<\/span>\n\t<\/a>\n\t\t<\/div>\n\t\t\t\t\t<\/div>\n\n\t<\/div>\n<div class=\"is-divider divider clearfix\" style=\"max-width:100%;\"><\/div>\n<div class=\"row\"  id=\"row-831546441\">\n\t<div id=\"col-1916136326\" class=\"col medium-1\/3 large-4\"  >\n\t\t\t\t<div class=\"col-inner\"  >\n\t\t\t\n\t\t\t <a href=\"\/20twenty-business-growth-programme-overview\/\" class=\"button white is-white is-large\"  >\n\t\t<span>CYRSIAU<\/span>\n\t<\/a>\n\t\t<\/div>\n\t\t\t\t\t<\/div>\n\n\t \n\t<div id=\"col-1599926875\" class=\"col medium-1\/3 large-4\"  >\n\t\t\t\t<div class=\"col-inner\"  >\n\t\t\t\n\t\t\t <a href=\"https:\/\/20twentybusinessgrowth.com\/why-now-where-will-you-be-in-2020\/\" class=\"button success is-success is-large\"  >\n\t\t<span>PAM 20TWENTY?<\/span>\n\t<\/a>\n \t\t<\/div>\n\t\t\t\t\t<\/div>\n\n\t \n\t<div id=\"col-1363471180\" class=\"col medium-1\/3 large-4\"  >\n\t\t\t\t<div class=\"col-inner\"  >\n\t\t\t\n\t\t\t <a href=\"https:\/\/20twentybusinessgrowth.com\/cy\/contact\/\" class=\"button secondary is-is-outline secondary is-large\"  >\n\t\t<span>CYSYLLTU \u00e2 NI<\/span>\n\t<\/a>\n<i class=\"fa fa-search fa-5x\" style=\"color: #fff;\"><\/i>\t\t<\/div>\n\t\t\t\t\t<\/div>\n\n\t<\/div>\n","protected":false},"excerpt":{"rendered":"<p>Mae&#8217;r cwrs twf ac arweinyddiaeth busnes 20Twenty wedi ennill ei blwyf wrth gyflawni sgiliau arweinyddiaeth a rheolaeth o ansawdd uchel gyda ffocws ar ddatblygiad strategol, ysgogi arloesedd a sicrhau twf busnes proffidiol a chynaliadwy. Caiff ei ddarparu gan Brifysgol Metropolitan Caerdydd mewn partneriaeth \u00e2 Phrifysgol Bangor gyda chymhorthdal gan Gronfa Gymdeithasol Ewrop drwy Lywodraeth Cymru. [&#8230;]\n","protected":false},"author":2,"featured_media":0,"parent":0,"menu_order":0,"comment_status":"closed","ping_status":"closed","template":"page-blank-title-center.php","meta":{"footnotes":""},"class_list":["post-1059","page","type-page","status-publish","hentry"],"yoast_head":"<!-- This site is optimized with the Yoast SEO plugin v27.3 - https:\/\/yoast.com\/product\/yoast-seo-wordpress\/ -->\n<title>Cyrsiau Twf Busnes ac Arweinyddiaeth - 20Twenty Leadership &amp; Business Growth Programme<\/title>\n<meta name=\"description\" content=\"Stand out from the crowd by gaining valuable leadership, management and business skills to deliver improved efficiencies, plan growth strategies and implement expansion goals. 20Twenty Business Growth programme also offers a full range of qualifications through the Chartered Management Institute (CMI).\" \/>\n<meta name=\"robots\" content=\"index, follow, max-snippet:-1, max-image-preview:large, max-video-preview:-1\" \/>\n<link rel=\"canonical\" href=\"https:\/\/20twentybusinessgrowth.com\/20twenty-business-growth-programme-overview\/\" \/>\n<meta property=\"og:locale\" content=\"cy_GB\" \/>\n<meta property=\"og:type\" content=\"article\" \/>\n<meta property=\"og:title\" content=\"Cyrsiau Twf Busnes ac Arweinyddiaeth - 20Twenty Leadership &amp; Business Growth Programme\" \/>\n<meta property=\"og:description\" content=\"Stand out from the crowd by gaining valuable leadership, management and business skills to deliver improved efficiencies, plan growth strategies and implement expansion goals. 20Twenty Business Growth programme also offers a full range of qualifications through the Chartered Management Institute (CMI).\" \/>\n<meta property=\"og:url\" content=\"https:\/\/20twentybusinessgrowth.com\/20twenty-business-growth-programme-overview\/\" \/>\n<meta property=\"og:site_name\" content=\"20Twenty Leadership &amp; Business Growth Programme\" \/>\n<meta property=\"article:publisher\" content=\"https:\/\/www.facebook.com\/20twentyleadershipprogramme\/\" \/>\n<meta property=\"article:modified_time\" content=\"2024-03-01T15:41:18+00:00\" \/>\n<meta property=\"og:image\" content=\"https:\/\/20twentybusinessgrowth.com\/wp-content\/uploads\/Twenty-20-Logo_BLACK-.png\" \/>\n\t<meta property=\"og:image:width\" content=\"760\" \/>\n\t<meta property=\"og:image:height\" content=\"778\" \/>\n\t<meta property=\"og:image:type\" content=\"image\/png\" \/>\n<meta name=\"twitter:card\" content=\"summary_large_image\" \/>\n<meta name=\"twitter:site\" content=\"@2020_Leadership\" \/>\n<meta name=\"twitter:label1\" content=\"Est. reading time\" \/>\n\t<meta name=\"twitter:data1\" content=\"6 minutes\" \/>\n<script type=\"application\/ld+json\" class=\"yoast-schema-graph\">{\"@context\":\"https:\\\/\\\/schema.org\",\"@graph\":[{\"@type\":\"WebPage\",\"@id\":\"https:\\\/\\\/20twentybusinessgrowth.com\\\/20twenty-business-growth-programme-overview\\\/\",\"url\":\"https:\\\/\\\/20twentybusinessgrowth.com\\\/20twenty-business-growth-programme-overview\\\/\",\"name\":\"Cyrsiau Twf Busnes ac Arweinyddiaeth - 20Twenty Leadership &amp; Business Growth Programme\",\"isPartOf\":{\"@id\":\"https:\\\/\\\/20twentybusinessgrowth.com\\\/#website\"},\"datePublished\":\"2018-02-19T11:44:29+00:00\",\"dateModified\":\"2024-03-01T15:41:18+00:00\",\"description\":\"Stand out from the crowd by gaining valuable leadership, management and business skills to deliver improved efficiencies, plan growth strategies and implement expansion goals. 20Twenty Business Growth programme also offers a full range of qualifications through the Chartered Management Institute (CMI).\",\"breadcrumb\":{\"@id\":\"https:\\\/\\\/20twentybusinessgrowth.com\\\/20twenty-business-growth-programme-overview\\\/#breadcrumb\"},\"inLanguage\":\"cy-GB\",\"potentialAction\":[{\"@type\":\"ReadAction\",\"target\":[\"https:\\\/\\\/20twentybusinessgrowth.com\\\/20twenty-business-growth-programme-overview\\\/\"]}]},{\"@type\":\"BreadcrumbList\",\"@id\":\"https:\\\/\\\/20twentybusinessgrowth.com\\\/20twenty-business-growth-programme-overview\\\/#breadcrumb\",\"itemListElement\":[{\"@type\":\"ListItem\",\"position\":1,\"name\":\"Home\",\"item\":\"https:\\\/\\\/20twentybusinessgrowth.com\\\/cy\\\/\"},{\"@type\":\"ListItem\",\"position\":2,\"name\":\"Cyrsiau Twf Busnes ac Arweinyddiaeth\"}]},{\"@type\":\"WebSite\",\"@id\":\"https:\\\/\\\/20twentybusinessgrowth.com\\\/#website\",\"url\":\"https:\\\/\\\/20twentybusinessgrowth.com\\\/\",\"name\":\"20Twenty Leadership &amp; Business Growth Programme\",\"description\":\"20Twenty Leadership &amp; Business Growth Programme\",\"publisher\":{\"@id\":\"https:\\\/\\\/20twentybusinessgrowth.com\\\/#organization\"},\"potentialAction\":[{\"@type\":\"SearchAction\",\"target\":{\"@type\":\"EntryPoint\",\"urlTemplate\":\"https:\\\/\\\/20twentybusinessgrowth.com\\\/?s={search_term_string}\"},\"query-input\":{\"@type\":\"PropertyValueSpecification\",\"valueRequired\":true,\"valueName\":\"search_term_string\"}}],\"inLanguage\":\"cy-GB\"},{\"@type\":\"Organization\",\"@id\":\"https:\\\/\\\/20twentybusinessgrowth.com\\\/#organization\",\"name\":\"20Twenty Business Growth & Leadership Course\",\"url\":\"https:\\\/\\\/20twentybusinessgrowth.com\\\/\",\"logo\":{\"@type\":\"ImageObject\",\"inLanguage\":\"cy-GB\",\"@id\":\"https:\\\/\\\/20twentybusinessgrowth.com\\\/#\\\/schema\\\/logo\\\/image\\\/\",\"url\":\"https:\\\/\\\/20twentybusinessgrowth.com\\\/wp-content\\\/uploads\\\/Twenty-20-Logo_BLACK-.png\",\"contentUrl\":\"https:\\\/\\\/20twentybusinessgrowth.com\\\/wp-content\\\/uploads\\\/Twenty-20-Logo_BLACK-.png\",\"width\":760,\"height\":778,\"caption\":\"20Twenty Business Growth & Leadership Course\"},\"image\":{\"@id\":\"https:\\\/\\\/20twentybusinessgrowth.com\\\/#\\\/schema\\\/logo\\\/image\\\/\"},\"sameAs\":[\"https:\\\/\\\/www.facebook.com\\\/20twentyleadershipprogramme\\\/\",\"https:\\\/\\\/x.com\\\/2020_Leadership\",\"https:\\\/\\\/www.instagram.com\\\/20twentyleadership\\\/\",\"https:\\\/\\\/www.linkedin.com\\\/company\\\/27217381\\\/admin\\\/\",\"https:\\\/\\\/www.youtube.com\\\/channel\\\/UCZXuivmKzszuU1YRQec7Xpw\"]}]}<\/script>\n<!-- \/ Yoast SEO plugin. -->","yoast_head_json":{"title":"Cyrsiau Twf Busnes ac Arweinyddiaeth - 20Twenty Leadership &amp; Business Growth Programme","description":"Stand out from the crowd by gaining valuable leadership, management and business skills to deliver improved efficiencies, plan growth strategies and implement expansion goals. 20Twenty Business Growth programme also offers a full range of qualifications through the Chartered Management Institute (CMI).","robots":{"index":"index","follow":"follow","max-snippet":"max-snippet:-1","max-image-preview":"max-image-preview:large","max-video-preview":"max-video-preview:-1"},"canonical":"https:\/\/20twentybusinessgrowth.com\/20twenty-business-growth-programme-overview\/","og_locale":"cy_GB","og_type":"article","og_title":"Cyrsiau Twf Busnes ac Arweinyddiaeth - 20Twenty Leadership &amp; Business Growth Programme","og_description":"Stand out from the crowd by gaining valuable leadership, management and business skills to deliver improved efficiencies, plan growth strategies and implement expansion goals. 20Twenty Business Growth programme also offers a full range of qualifications through the Chartered Management Institute (CMI).","og_url":"https:\/\/20twentybusinessgrowth.com\/20twenty-business-growth-programme-overview\/","og_site_name":"20Twenty Leadership &amp; Business Growth Programme","article_publisher":"https:\/\/www.facebook.com\/20twentyleadershipprogramme\/","article_modified_time":"2024-03-01T15:41:18+00:00","og_image":[{"width":760,"height":778,"url":"https:\/\/20twentybusinessgrowth.com\/wp-content\/uploads\/Twenty-20-Logo_BLACK-.png","type":"image\/png"}],"twitter_card":"summary_large_image","twitter_site":"@2020_Leadership","twitter_misc":{"Est. reading time":"6 minutes"},"schema":{"@context":"https:\/\/schema.org","@graph":[{"@type":"WebPage","@id":"https:\/\/20twentybusinessgrowth.com\/20twenty-business-growth-programme-overview\/","url":"https:\/\/20twentybusinessgrowth.com\/20twenty-business-growth-programme-overview\/","name":"Cyrsiau Twf Busnes ac Arweinyddiaeth - 20Twenty Leadership &amp; Business Growth Programme","isPartOf":{"@id":"https:\/\/20twentybusinessgrowth.com\/#website"},"datePublished":"2018-02-19T11:44:29+00:00","dateModified":"2024-03-01T15:41:18+00:00","description":"Stand out from the crowd by gaining valuable leadership, management and business skills to deliver improved efficiencies, plan growth strategies and implement expansion goals. 20Twenty Business Growth programme also offers a full range of qualifications through the Chartered Management Institute (CMI).","breadcrumb":{"@id":"https:\/\/20twentybusinessgrowth.com\/20twenty-business-growth-programme-overview\/#breadcrumb"},"inLanguage":"cy-GB","potentialAction":[{"@type":"ReadAction","target":["https:\/\/20twentybusinessgrowth.com\/20twenty-business-growth-programme-overview\/"]}]},{"@type":"BreadcrumbList","@id":"https:\/\/20twentybusinessgrowth.com\/20twenty-business-growth-programme-overview\/#breadcrumb","itemListElement":[{"@type":"ListItem","position":1,"name":"Home","item":"https:\/\/20twentybusinessgrowth.com\/cy\/"},{"@type":"ListItem","position":2,"name":"Cyrsiau Twf Busnes ac Arweinyddiaeth"}]},{"@type":"WebSite","@id":"https:\/\/20twentybusinessgrowth.com\/#website","url":"https:\/\/20twentybusinessgrowth.com\/","name":"20Twenty Leadership &amp; Business Growth Programme","description":"20Twenty Leadership &amp; Business Growth Programme","publisher":{"@id":"https:\/\/20twentybusinessgrowth.com\/#organization"},"potentialAction":[{"@type":"SearchAction","target":{"@type":"EntryPoint","urlTemplate":"https:\/\/20twentybusinessgrowth.com\/?s={search_term_string}"},"query-input":{"@type":"PropertyValueSpecification","valueRequired":true,"valueName":"search_term_string"}}],"inLanguage":"cy-GB"},{"@type":"Organization","@id":"https:\/\/20twentybusinessgrowth.com\/#organization","name":"20Twenty Business Growth & Leadership Course","url":"https:\/\/20twentybusinessgrowth.com\/","logo":{"@type":"ImageObject","inLanguage":"cy-GB","@id":"https:\/\/20twentybusinessgrowth.com\/#\/schema\/logo\/image\/","url":"https:\/\/20twentybusinessgrowth.com\/wp-content\/uploads\/Twenty-20-Logo_BLACK-.png","contentUrl":"https:\/\/20twentybusinessgrowth.com\/wp-content\/uploads\/Twenty-20-Logo_BLACK-.png","width":760,"height":778,"caption":"20Twenty Business Growth & Leadership Course"},"image":{"@id":"https:\/\/20twentybusinessgrowth.com\/#\/schema\/logo\/image\/"},"sameAs":["https:\/\/www.facebook.com\/20twentyleadershipprogramme\/","https:\/\/x.com\/2020_Leadership","https:\/\/www.instagram.com\/20twentyleadership\/","https:\/\/www.linkedin.com\/company\/27217381\/admin\/","https:\/\/www.youtube.com\/channel\/UCZXuivmKzszuU1YRQec7Xpw"]}]}},"_links":{"self":[{"href":"https:\/\/20twentybusinessgrowth.com\/cy\/wp-json\/wp\/v2\/pages\/1059","targetHints":{"allow":["GET"]}}],"collection":[{"href":"https:\/\/20twentybusinessgrowth.com\/cy\/wp-json\/wp\/v2\/pages"}],"about":[{"href":"https:\/\/20twentybusinessgrowth.com\/cy\/wp-json\/wp\/v2\/types\/page"}],"author":[{"embeddable":true,"href":"https:\/\/20twentybusinessgrowth.com\/cy\/wp-json\/wp\/v2\/users\/2"}],"replies":[{"embeddable":true,"href":"https:\/\/20twentybusinessgrowth.com\/cy\/wp-json\/wp\/v2\/comments?post=1059"}],"version-history":[{"count":26,"href":"https:\/\/20twentybusinessgrowth.com\/cy\/wp-json\/wp\/v2\/pages\/1059\/revisions"}],"predecessor-version":[{"id":10584,"href":"https:\/\/20twentybusinessgrowth.com\/cy\/wp-json\/wp\/v2\/pages\/1059\/revisions\/10584"}],"wp:attachment":[{"href":"https:\/\/20twentybusinessgrowth.com\/cy\/wp-json\/wp\/v2\/media?parent=1059"}],"curies":[{"name":"wp","href":"https:\/\/api.w.org\/{rel}","templated":true}]}}